{"id":156,"date":"2020-04-27T08:38:08","date_gmt":"2020-04-27T06:38:08","guid":{"rendered":"http:\/\/michelmathes.de\/rallyeteam\/?page_id=156"},"modified":"2021-06-30T21:53:43","modified_gmt":"2021-06-30T19:53:43","slug":"saison","status":"publish","type":"page","link":"http:\/\/michelmathes.de\/rallyeteam\/saison\/","title":{"rendered":"Saison"},"content":{"rendered":"\t\t<div data-elementor-type=\"wp-page\" data-elementor-id=\"156\" class=\"elementor elementor-156\" data-elementor-settings=\"[]\">\n\t\t\t<div class=\"elementor-inner\">\n\t\t\t\t<div class=\"elementor-section-wrap\">\n\t\t\t\t\t\t\t<section class=\"elementor-element elementor-element-776a6d9 elementor-section-stretched elementor-section-full_width elementor-section-height-min-height elementor-section-height-default elementor-section-items-middle elementor-section elementor-top-section\" data-id=\"776a6d9\" data-element_type=\"section\" data-settings=\"{&quot;stretch_section&quot;:&quot;section-stretched&quot;}\">\n\t\t\t\t\t\t<div class=\"elementor-container elementor-column-gap-no\">\n\t\t\t\t<div class=\"elementor-row\">\n\t\t\t\t<div class=\"elementor-element elementor-element-ea617f0 elementor-column elementor-col-100 elementor-top-column\" data-id=\"ea617f0\" data-element_type=\"column\">\n\t\t\t<div class=\"elementor-column-wrap  elementor-element-populated\">\n\t\t\t\t\t<div class=\"elementor-widget-wrap\">\n\t\t\t\t<div class=\"elementor-element elementor-element-2a9be36 elementor-widget elementor-widget-image\" data-id=\"2a9be36\" data-element_type=\"widget\" data-widget_type=\"image.default\">\n\t\t\t\t<div class=\"elementor-widget-container\">\n\t\t\t\t\t<div class=\"elementor-image\">\n\t\t\t\t\t\t\t\t\t\t<img src=\"http:\/\/michelmathes.de\/rallyeteam\/wp-content\/uploads\/elementor\/thumbs\/header_saison-pmq6tq9mk49u0m402qpsxwx4xcn9tzioh4q97f5kso.jpg\" title=\"header_saison\" alt=\"header_saison\" \/>\t\t\t\t\t\t\t\t\t\t\t<\/div>\n\t\t\t\t<\/div>\n\t\t\t\t<\/div>\n\t\t\t\t\t\t<\/div>\n\t\t\t<\/div>\n\t\t<\/div>\n\t\t\t\t\t\t<\/div>\n\t\t\t<\/div>\n\t\t<\/section>\n\t\t\t\t<section class=\"elementor-element elementor-element-81e99fd elementor-section-stretched elementor-section-boxed elementor-section-height-default elementor-section-height-default elementor-section elementor-top-section\" data-id=\"81e99fd\" data-element_type=\"section\" data-settings=\"{&quot;stretch_section&quot;:&quot;section-stretched&quot;,&quot;background_background&quot;:&quot;classic&quot;}\">\n\t\t\t\t\t\t<div class=\"elementor-container elementor-column-gap-default\">\n\t\t\t\t<div class=\"elementor-row\">\n\t\t\t\t<div class=\"elementor-element elementor-element-5abfe12 elementor-column elementor-col-100 elementor-top-column\" data-id=\"5abfe12\" data-element_type=\"column\">\n\t\t\t<div class=\"elementor-column-wrap  elementor-element-populated\">\n\t\t\t\t\t<div class=\"elementor-widget-wrap\">\n\t\t\t\t<section class=\"elementor-element elementor-element-5df9370 elementor-section-boxed elementor-section-height-default elementor-section-height-default elementor-section elementor-inner-section\" data-id=\"5df9370\" data-element_type=\"section\">\n\t\t\t\t\t\t<div class=\"elementor-container elementor-column-gap-default\">\n\t\t\t\t<div class=\"elementor-row\">\n\t\t\t\t<div class=\"elementor-element elementor-element-382efb7 elementor-column elementor-col-50 elementor-inner-column\" data-id=\"382efb7\" data-element_type=\"column\">\n\t\t\t<div class=\"elementor-column-wrap  elementor-element-populated\">\n\t\t\t\t\t<div class=\"elementor-widget-wrap\">\n\t\t\t\t<div class=\"elementor-element elementor-element-88ee3f9 elementor-widget elementor-widget-heading\" data-id=\"88ee3f9\" data-element_type=\"widget\" data-widget_type=\"heading.default\">\n\t\t\t\t<div class=\"elementor-widget-container\">\n\t\t\t<h1 class=\"elementor-heading-title elementor-size-default\">SAISON 2021<\/h1>\t\t<\/div>\n\t\t\t\t<\/div>\n\t\t\t\t\t\t<\/div>\n\t\t\t<\/div>\n\t\t<\/div>\n\t\t\t\t<div class=\"elementor-element elementor-element-ce92eba elementor-column elementor-col-50 elementor-inner-column\" data-id=\"ce92eba\" data-element_type=\"column\">\n\t\t\t<div class=\"elementor-column-wrap  elementor-element-populated\">\n\t\t\t\t\t<div class=\"elementor-widget-wrap\">\n\t\t\t\t<div class=\"elementor-element elementor-element-84a6672 elementor-widget elementor-widget-text-editor\" data-id=\"84a6672\" data-element_type=\"widget\" data-widget_type=\"text-editor.default\">\n\t\t\t\t<div class=\"elementor-widget-container\">\n\t\t\t\t\t<div class=\"elementor-text-editor elementor-clearfix\"><p>Im <b>Jahr 2021<\/b>\u00a0werden wir eine komplette Saison <b>DMSB Rallye Cup<\/b> (DRC) bestreiten. Der DRC ist unter der Deutschen Rallyemeisterschaft (DRM) die zweith\u00f6chste Serie im deutschen Rallyesport, erfreut sich gr\u00f6\u00dfter Beliebtheit bei Fahrern und Fans und genie\u00dft eine hohe mediale Aufmerksamkeit. Das Besondere f\u00fcr uns ist, dass wir aufgrund unseres Alters in der Junior-Wertung bis 27 Jahre teilnehmen k\u00f6nnen und so unsere Qualit\u00e4ten bei zus\u00e4tzlichen Sichtungen im direkten Vergleich mit den gr\u00f6\u00dften deutschen Talenten zeigen k\u00f6nnen.\u00a0<span style=\"font-size: inherit; text-align: inherit;\">So haben wir neben der Gesamtwertung auch noch die Chance auf ein F\u00f6rderpaket im Wert von 50.000 \u20ac f\u00fcr die n\u00e4chste Saison. Mehr Informationen hierzu finden Sie unter www.hjs-drc.de.\u00a0<\/span><\/p><p><span style=\"font-size: inherit; text-align: inherit;\">\u00a0<\/span><\/p><p><span style=\"font-size: inherit; text-align: inherit;\">Ein weiteres Highlight wird f\u00fcr uns die <b>Rallye Fr\u00e4nkisches Weinland<\/b> sein. Die Rallye findet vor unserer Haust\u00fcre statt und es ist immer etwas Besonderes vor den heimischen Zuschauern zu fahren. Wir freuen uns, wenn wir Sie ebenfalls einmal bei einer Rallye begr\u00fc\u00dfen d\u00fcrfen.<\/span><\/p><\/div>\n\t\t\t\t<\/div>\n\t\t\t\t<\/div>\n\t\t\t\t\t\t<\/div>\n\t\t\t<\/div>\n\t\t<\/div>\n\t\t\t\t\t\t<\/div>\n\t\t\t<\/div>\n\t\t<\/section>\n\t\t\t\t\t\t<\/div>\n\t\t\t<\/div>\n\t\t<\/div>\n\t\t\t\t\t\t<\/div>\n\t\t\t<\/div>\n\t\t<\/section>\n\t\t\t\t<section class=\"elementor-element elementor-element-9af6271 elementor-section-stretched elementor-section-full_width elementor-section-height-default elementor-section-height-default elementor-section elementor-top-section\" data-id=\"9af6271\" data-element_type=\"section\" data-settings=\"{&quot;stretch_section&quot;:&quot;section-stretched&quot;}\">\n\t\t\t\t\t\t<div class=\"elementor-container elementor-column-gap-default\">\n\t\t\t\t<div class=\"elementor-row\">\n\t\t\t\t<div class=\"elementor-element elementor-element-88f738c elementor-column elementor-col-100 elementor-top-column\" data-id=\"88f738c\" data-element_type=\"column\">\n\t\t\t<div class=\"elementor-column-wrap  elementor-element-populated\">\n\t\t\t\t\t<div class=\"elementor-widget-wrap\">\n\t\t\t\t<div class=\"elementor-element elementor-element-0a61183 elementor-widget elementor-widget-image\" data-id=\"0a61183\" data-element_type=\"widget\" data-widget_type=\"image.default\">\n\t\t\t\t<div class=\"elementor-widget-container\">\n\t\t\t\t\t<div class=\"elementor-image\">\n\t\t\t\t\t\t\t\t\t\t<img width=\"1600\" height=\"676\" src=\"http:\/\/michelmathes.de\/rallyeteam\/wp-content\/uploads\/WhatsApp-Image-2020-09-06-at-19.55.41-1.jpeg\" class=\"attachment-full size-full\" alt=\"\" loading=\"lazy\" srcset=\"http:\/\/michelmathes.de\/rallyeteam\/wp-content\/uploads\/WhatsApp-Image-2020-09-06-at-19.55.41-1.jpeg 1600w, http:\/\/michelmathes.de\/rallyeteam\/wp-content\/uploads\/WhatsApp-Image-2020-09-06-at-19.55.41-1-300x127.jpeg 300w, http:\/\/michelmathes.de\/rallyeteam\/wp-content\/uploads\/WhatsApp-Image-2020-09-06-at-19.55.41-1-1024x433.jpeg 1024w, http:\/\/michelmathes.de\/rallyeteam\/wp-content\/uploads\/WhatsApp-Image-2020-09-06-at-19.55.41-1-768x324.jpeg 768w, http:\/\/michelmathes.de\/rallyeteam\/wp-content\/uploads\/WhatsApp-Image-2020-09-06-at-19.55.41-1-1536x649.jpeg 1536w, http:\/\/michelmathes.de\/rallyeteam\/wp-content\/uploads\/WhatsApp-Image-2020-09-06-at-19.55.41-1-1200x507.jpeg 1200w\" sizes=\"(max-width: 1600px) 100vw, 1600px\" \/>\t\t\t\t\t\t\t\t\t\t\t<\/div>\n\t\t\t\t<\/div>\n\t\t\t\t<\/div>\n\t\t\t\t\t\t<\/div>\n\t\t\t<\/div>\n\t\t<\/div>\n\t\t\t\t\t\t<\/div>\n\t\t\t<\/div>\n\t\t<\/section>\n\t\t\t\t<section class=\"elementor-element elementor-element-cd41d47 elementor-section-stretched elementor-section-full_width elementor-section-height-default elementor-section-height-default elementor-section elementor-top-section\" data-id=\"cd41d47\" data-element_type=\"section\" data-settings=\"{&quot;stretch_section&quot;:&quot;section-stretched&quot;}\">\n\t\t\t\t\t\t<div class=\"elementor-container elementor-column-gap-default\">\n\t\t\t\t<div class=\"elementor-row\">\n\t\t\t\t<div class=\"elementor-element elementor-element-43648b3 elementor-column elementor-col-100 elementor-top-column\" data-id=\"43648b3\" data-element_type=\"column\">\n\t\t\t<div class=\"elementor-column-wrap  elementor-element-populated\">\n\t\t\t\t\t<div class=\"elementor-widget-wrap\">\n\t\t\t\t<div class=\"elementor-element elementor-element-604c49d elementor-widget elementor-widget-image\" data-id=\"604c49d\" data-element_type=\"widget\" data-widget_type=\"image.default\">\n\t\t\t\t<div class=\"elementor-widget-container\">\n\t\t\t\t\t<div class=\"elementor-image\">\n\t\t\t\t\t\t\t\t\t\t<img width=\"1396\" height=\"849\" src=\"http:\/\/michelmathes.de\/rallyeteam\/wp-content\/uploads\/mm17_tabelle.jpeg\" class=\"attachment-full size-full\" alt=\"\" loading=\"lazy\" srcset=\"http:\/\/michelmathes.de\/rallyeteam\/wp-content\/uploads\/mm17_tabelle.jpeg 1396w, http:\/\/michelmathes.de\/rallyeteam\/wp-content\/uploads\/mm17_tabelle-300x182.jpeg 300w, http:\/\/michelmathes.de\/rallyeteam\/wp-content\/uploads\/mm17_tabelle-1024x623.jpeg 1024w, http:\/\/michelmathes.de\/rallyeteam\/wp-content\/uploads\/mm17_tabelle-768x467.jpeg 768w, http:\/\/michelmathes.de\/rallyeteam\/wp-content\/uploads\/mm17_tabelle-1200x730.jpeg 1200w\" sizes=\"(max-width: 1396px) 100vw, 1396px\" \/>\t\t\t\t\t\t\t\t\t\t\t<\/div>\n\t\t\t\t<\/div>\n\t\t\t\t<\/div>\n\t\t\t\t\t\t<\/div>\n\t\t\t<\/div>\n\t\t<\/div>\n\t\t\t\t\t\t<\/div>\n\t\t\t<\/div>\n\t\t<\/section>\n\t\t\t\t<section class=\"elementor-element elementor-element-27736a8 elementor-section-stretched elementor-section-boxed elementor-section-height-default elementor-section-height-default elementor-section elementor-top-section\" data-id=\"27736a8\" data-element_type=\"section\" data-settings=\"{&quot;stretch_section&quot;:&quot;section-stretched&quot;,&quot;background_background&quot;:&quot;classic&quot;}\">\n\t\t\t\t\t\t<div class=\"elementor-container elementor-column-gap-default\">\n\t\t\t\t<div class=\"elementor-row\">\n\t\t\t\t<div class=\"elementor-element elementor-element-b351f25 elementor-column elementor-col-100 elementor-top-column\" data-id=\"b351f25\" data-element_type=\"column\">\n\t\t\t<div class=\"elementor-column-wrap  elementor-element-populated\">\n\t\t\t\t\t<div class=\"elementor-widget-wrap\">\n\t\t\t\t<section class=\"elementor-element elementor-element-28d2137 elementor-section-boxed elementor-section-height-default elementor-section-height-default elementor-section elementor-inner-section\" data-id=\"28d2137\" data-element_type=\"section\">\n\t\t\t\t\t\t<div class=\"elementor-container elementor-column-gap-default\">\n\t\t\t\t<div class=\"elementor-row\">\n\t\t\t\t<div class=\"elementor-element elementor-element-37f07ae elementor-column elementor-col-100 elementor-inner-column\" data-id=\"37f07ae\" data-element_type=\"column\">\n\t\t\t<div class=\"elementor-column-wrap\">\n\t\t\t\t\t<div class=\"elementor-widget-wrap\">\n\t\t\t\t\t\t<\/div>\n\t\t\t<\/div>\n\t\t<\/div>\n\t\t\t\t\t\t<\/div>\n\t\t\t<\/div>\n\t\t<\/section>\n\t\t\t\t\t\t<\/div>\n\t\t\t<\/div>\n\t\t<\/div>\n\t\t\t\t\t\t<\/div>\n\t\t\t<\/div>\n\t\t<\/section>\n\t\t\t\t<section class=\"elementor-element elementor-element-4d3a2e34 elementor-section-stretched elementor-section-boxed elementor-section-height-default elementor-section-height-default elementor-section elementor-top-section\" data-id=\"4d3a2e34\" data-element_type=\"section\" data-settings=\"{&quot;stretch_section&quot;:&quot;section-stretched&quot;,&quot;background_background&quot;:&quot;classic&quot;}\">\n\t\t\t\t\t\t<div class=\"elementor-container elementor-column-gap-default\">\n\t\t\t\t<div class=\"elementor-row\">\n\t\t\t\t<div class=\"elementor-element elementor-element-6606c295 elementor-column elementor-col-100 elementor-top-column\" data-id=\"6606c295\" data-element_type=\"column\">\n\t\t\t<div class=\"elementor-column-wrap  elementor-element-populated\">\n\t\t\t\t\t<div class=\"elementor-widget-wrap\">\n\t\t\t\t<section class=\"elementor-element elementor-element-4d1230d3 elementor-section-boxed elementor-section-height-default elementor-section-height-default elementor-section elementor-inner-section\" data-id=\"4d1230d3\" data-element_type=\"section\">\n\t\t\t\t\t\t<div class=\"elementor-container elementor-column-gap-default\">\n\t\t\t\t<div class=\"elementor-row\">\n\t\t\t\t<div class=\"elementor-element elementor-element-69eecc66 elementor-column elementor-col-33 elementor-inner-column\" data-id=\"69eecc66\" data-element_type=\"column\">\n\t\t\t<div class=\"elementor-column-wrap  elementor-element-populated\">\n\t\t\t\t\t<div class=\"elementor-widget-wrap\">\n\t\t\t\t<div class=\"elementor-element elementor-element-780d977d elementor-widget elementor-widget-heading\" data-id=\"780d977d\" data-element_type=\"widget\" data-widget_type=\"heading.default\">\n\t\t\t\t<div class=\"elementor-widget-container\">\n\t\t\t<h2 class=\"elementor-heading-title elementor-size-default\">WIR SIND MM17<\/h2>\t\t<\/div>\n\t\t\t\t<\/div>\n\t\t\t\t<div class=\"elementor-element elementor-element-4b6b1f64 elementor-widget elementor-widget-divider\" data-id=\"4b6b1f64\" data-element_type=\"widget\" data-widget_type=\"divider.default\">\n\t\t\t\t<div class=\"elementor-widget-container\">\n\t\t\t\t\t<div class=\"elementor-divider\">\n\t\t\t<span class=\"elementor-divider-separator\">\n\t\t\t\t\t\t<\/span>\n\t\t<\/div>\n\t\t\t\t<\/div>\n\t\t\t\t<\/div>\n\t\t\t\t<div class=\"elementor-element elementor-element-32ee2a7b elementor-widget elementor-widget-image\" data-id=\"32ee2a7b\" data-element_type=\"widget\" data-widget_type=\"image.default\">\n\t\t\t\t<div class=\"elementor-widget-container\">\n\t\t\t\t\t<div class=\"elementor-image\">\n\t\t\t\t\t\t\t\t\t\t<img width=\"300\" height=\"75\" src=\"http:\/\/michelmathes.de\/rallyeteam\/wp-content\/uploads\/2020\/04\/logo_mm17-rot-300x75.png\" class=\"attachment-medium size-medium\" alt=\"\" loading=\"lazy\" srcset=\"http:\/\/michelmathes.de\/rallyeteam\/wp-content\/uploads\/2020\/04\/logo_mm17-rot-300x75.png 300w, http:\/\/michelmathes.de\/rallyeteam\/wp-content\/uploads\/2020\/04\/logo_mm17-rot-1024x258.png 1024w, http:\/\/michelmathes.de\/rallyeteam\/wp-content\/uploads\/2020\/04\/logo_mm17-rot-768x193.png 768w, http:\/\/michelmathes.de\/rallyeteam\/wp-content\/uploads\/2020\/04\/logo_mm17-rot-1200x302.png 1200w, http:\/\/michelmathes.de\/rallyeteam\/wp-content\/uploads\/2020\/04\/logo_mm17-rot.png 1220w\" sizes=\"(max-width: 300px) 100vw, 300px\" \/>\t\t\t\t\t\t\t\t\t\t\t<\/div>\n\t\t\t\t<\/div>\n\t\t\t\t<\/div>\n\t\t\t\t\t\t<\/div>\n\t\t\t<\/div>\n\t\t<\/div>\n\t\t\t\t<div class=\"elementor-element elementor-element-1233b149 elementor-column elementor-col-33 elementor-inner-column\" data-id=\"1233b149\" data-element_type=\"column\">\n\t\t\t<div class=\"elementor-column-wrap  elementor-element-populated\">\n\t\t\t\t\t<div class=\"elementor-widget-wrap\">\n\t\t\t\t<div class=\"elementor-element elementor-element-2afe95c0 elementor-widget elementor-widget-heading\" data-id=\"2afe95c0\" data-element_type=\"widget\" data-widget_type=\"heading.default\">\n\t\t\t\t<div class=\"elementor-widget-container\">\n\t\t\t<h2 class=\"elementor-heading-title elementor-size-default\">QUICKLINKS<\/h2>\t\t<\/div>\n\t\t\t\t<\/div>\n\t\t\t\t<div class=\"elementor-element elementor-element-21a3b83c elementor-widget elementor-widget-divider\" data-id=\"21a3b83c\" data-element_type=\"widget\" data-widget_type=\"divider.default\">\n\t\t\t\t<div class=\"elementor-widget-container\">\n\t\t\t\t\t<div class=\"elementor-divider\">\n\t\t\t<span class=\"elementor-divider-separator\">\n\t\t\t\t\t\t<\/span>\n\t\t<\/div>\n\t\t\t\t<\/div>\n\t\t\t\t<\/div>\n\t\t\t\t<div class=\"elementor-element elementor-element-5d18f059 elementor-widget elementor-widget-text-editor\" data-id=\"5d18f059\" data-element_type=\"widget\" data-widget_type=\"text-editor.default\">\n\t\t\t\t<div class=\"elementor-widget-container\">\n\t\t\t\t\t<div class=\"elementor-text-editor elementor-clearfix\"><p><span style=\"color: #000000;\"><a style=\"color: #000000;\" href=\"\/rallyeteam\/team\">Team<\/a><\/span><\/p><p><span style=\"color: #000000;\"><a style=\"color: #000000;\" href=\"\/rallyeteam\/auto\">Auto<\/a><\/span><\/p><p><span style=\"color: #000000;\"><a style=\"color: #000000;\" href=\"\/rallyeteam\/saison\">Saison<\/a><\/span><\/p><p><span style=\"color: #000000;\"><a style=\"color: #000000;\" href=\"\/rallyeteam\/partner\">Partner<\/a><\/span><\/p><p><span style=\"color: #000000;\"><a style=\"color: #000000;\" href=\"\/rallyeteam\/kontakt\">Kontakt<\/a><\/span><\/p><\/div>\n\t\t\t\t<\/div>\n\t\t\t\t<\/div>\n\t\t\t\t\t\t<\/div>\n\t\t\t<\/div>\n\t\t<\/div>\n\t\t\t\t<div class=\"elementor-element elementor-element-1a536d91 elementor-column elementor-col-33 elementor-inner-column\" data-id=\"1a536d91\" data-element_type=\"column\">\n\t\t\t<div class=\"elementor-column-wrap  elementor-element-populated\">\n\t\t\t\t\t<div class=\"elementor-widget-wrap\">\n\t\t\t\t<div class=\"elementor-element elementor-element-1a86772a elementor-widget elementor-widget-heading\" data-id=\"1a86772a\" data-element_type=\"widget\" data-widget_type=\"heading.default\">\n\t\t\t\t<div class=\"elementor-widget-container\">\n\t\t\t<h2 class=\"elementor-heading-title elementor-size-default\">FOLGE UNS HIER<\/h2>\t\t<\/div>\n\t\t\t\t<\/div>\n\t\t\t\t<div class=\"elementor-element elementor-element-2aca6c9 elementor-widget elementor-widget-divider\" data-id=\"2aca6c9\" data-element_type=\"widget\" data-widget_type=\"divider.default\">\n\t\t\t\t<div class=\"elementor-widget-container\">\n\t\t\t\t\t<div class=\"elementor-divider\">\n\t\t\t<span class=\"elementor-divider-separator\">\n\t\t\t\t\t\t<\/span>\n\t\t<\/div>\n\t\t\t\t<\/div>\n\t\t\t\t<\/div>\n\t\t\t\t<div class=\"elementor-element elementor-element-426ea8f9 elementor-widget elementor-widget-text-editor\" data-id=\"426ea8f9\" data-element_type=\"widget\" data-widget_type=\"text-editor.default\">\n\t\t\t\t<div class=\"elementor-widget-container\">\n\t\t\t\t\t<div class=\"elementor-text-editor elementor-clearfix\"><p><a href=\"https:\/\/www.facebook.com\/MM17.de\/\" target=\"_blank\" rel=\"noopener\"><img class=\"alignleft wp-image-182\" role=\"img\" src=\"http:\/\/michelmathes.de\/rallyeteam\/wp-content\/uploads\/2020\/04\/facebook.svg\" alt=\"\" width=\"75\" srcset=\"http:\/\/michelmathes.de\/rallyeteam\/wp-content\/uploads\/\/2020\/04\/facebook.svg 150w, http:\/\/michelmathes.de\/rallyeteam\/wp-content\/uploads\/\/2020\/04\/facebook.svg 300w, http:\/\/michelmathes.de\/rallyeteam\/wp-content\/uploads\/\/2020\/04\/facebook.svg 1024w, http:\/\/michelmathes.de\/rallyeteam\/wp-content\/uploads\/\/2020\/04\/facebook.svg 1536w, http:\/\/michelmathes.de\/rallyeteam\/wp-content\/uploads\/\/2020\/04\/facebook.svg 2048w, http:\/\/michelmathes.de\/rallyeteam\/wp-content\/uploads\/\/2020\/04\/facebook.svg 188w\" sizes=\"(max-width: 188px) 100vw, 188px\" \/><\/a><a href=\"https:\/\/www.instagram.com\/mm17.de\/\" target=\"_blank\" rel=\"noopener\"><img class=\"alignleft wp-image-183\" role=\"img\" src=\"http:\/\/michelmathes.de\/rallyeteam\/wp-content\/uploads\/2020\/04\/instagram.svg\" alt=\"\" width=\"75\" srcset=\"http:\/\/michelmathes.de\/rallyeteam\/wp-content\/uploads\/\/2020\/04\/instagram.svg 150w, http:\/\/michelmathes.de\/rallyeteam\/wp-content\/uploads\/\/2020\/04\/instagram.svg 300w, http:\/\/michelmathes.de\/rallyeteam\/wp-content\/uploads\/\/2020\/04\/instagram.svg 1024w, http:\/\/michelmathes.de\/rallyeteam\/wp-content\/uploads\/\/2020\/04\/instagram.svg 1536w, http:\/\/michelmathes.de\/rallyeteam\/wp-content\/uploads\/\/2020\/04\/instagram.svg 2048w, http:\/\/michelmathes.de\/rallyeteam\/wp-content\/uploads\/\/2020\/04\/instagram.svg 188w\" sizes=\"(max-width: 188px) 100vw, 188px\" \/><\/a><\/p><\/div>\n\t\t\t\t<\/div>\n\t\t\t\t<\/div>\n\t\t\t\t\t\t<\/div>\n\t\t\t<\/div>\n\t\t<\/div>\n\t\t\t\t\t\t<\/div>\n\t\t\t<\/div>\n\t\t<\/section>\n\t\t\t\t\t\t<\/div>\n\t\t\t<\/div>\n\t\t<\/div>\n\t\t\t\t\t\t<\/div>\n\t\t\t<\/div>\n\t\t<\/section>\n\t\t\t\t<section class=\"elementor-element elementor-element-6dad5143 elementor-section-stretched elementor-section-height-min-height elementor-section-boxed elementor-section-height-default elementor-section-items-middle elementor-section elementor-top-section\" data-id=\"6dad5143\" data-element_type=\"section\" data-settings=\"{&quot;stretch_section&quot;:&quot;section-stretched&quot;,&quot;background_background&quot;:&quot;classic&quot;}\">\n\t\t\t\t\t\t<div class=\"elementor-container elementor-column-gap-default\">\n\t\t\t\t<div class=\"elementor-row\">\n\t\t\t\t<div class=\"elementor-element elementor-element-6e37f367 elementor-column elementor-col-100 elementor-top-column\" data-id=\"6e37f367\" data-element_type=\"column\">\n\t\t\t<div class=\"elementor-column-wrap  elementor-element-populated\">\n\t\t\t\t\t<div class=\"elementor-widget-wrap\">\n\t\t\t\t<div class=\"elementor-element elementor-element-509021a8 elementor-widget elementor-widget-text-editor\" data-id=\"509021a8\" data-element_type=\"widget\" data-widget_type=\"text-editor.default\">\n\t\t\t\t<div class=\"elementor-widget-container\">\n\t\t\t\t\t<div class=\"elementor-text-editor elementor-clearfix\"><p><span style=\"color: #ffffff;\"><a style=\"color: #ffffff;\" href=\"\/rallyeteam\/impressum\">Impressum<\/a><\/span> | <span style=\"color: #ffffff;\"><a style=\"color: #ffffff;\" href=\"\/rallyeteam\/datenschutz\">Datenschutz<\/a><\/span><\/p><\/div>\n\t\t\t\t<\/div>\n\t\t\t\t<\/div>\n\t\t\t\t\t\t<\/div>\n\t\t\t<\/div>\n\t\t<\/div>\n\t\t\t\t\t\t<\/div>\n\t\t\t<\/div>\n\t\t<\/section>\n\t\t\t\t\t\t<\/div>\n\t\t\t<\/div>\n\t\t<\/div>\n\t\t","protected":false},"excerpt":{"rendered":"<p>SAISON 2021 Im Jahr 2021\u00a0werden wir eine komplette Saison DMSB Rallye Cup (DRC) bestreiten. Der DRC ist unter der Deutschen Rallyemeisterschaft (DRM) die zweith\u00f6chste Serie im deutschen Rallyesport, erfreut sich gr\u00f6\u00dfter Beliebtheit bei Fahrern und Fans und genie\u00dft eine hohe mediale Aufmerksamkeit. Das Besondere f\u00fcr uns ist, dass wir aufgrund unseres Alters in der Junior-Wertung [&hellip;]<\/p>\n","protected":false},"author":1,"featured_media":0,"parent":0,"menu_order":0,"comment_status":"closed","ping_status":"closed","template":"","meta":{"_monsterinsights_skip_tracking":false,"_monsterinsights_sitenote_active":false,"_monsterinsights_sitenote_note":"","_monsterinsights_sitenote_category":0},"_links":{"self":[{"href":"http:\/\/michelmathes.de\/rallyeteam\/wp-json\/wp\/v2\/pages\/156"}],"collection":[{"href":"http:\/\/michelmathes.de\/rallyeteam\/wp-json\/wp\/v2\/pages"}],"about":[{"href":"http:\/\/michelmathes.de\/rallyeteam\/wp-json\/wp\/v2\/types\/page"}],"author":[{"embeddable":true,"href":"http:\/\/michelmathes.de\/rallyeteam\/wp-json\/wp\/v2\/users\/1"}],"replies":[{"embeddable":true,"href":"http:\/\/michelmathes.de\/rallyeteam\/wp-json\/wp\/v2\/comments?post=156"}],"version-history":[{"count":28,"href":"http:\/\/michelmathes.de\/rallyeteam\/wp-json\/wp\/v2\/pages\/156\/revisions"}],"predecessor-version":[{"id":902,"href":"http:\/\/michelmathes.de\/rallyeteam\/wp-json\/wp\/v2\/pages\/156\/revisions\/902"}],"wp:attachment":[{"href":"http:\/\/michelmathes.de\/rallyeteam\/wp-json\/wp\/v2\/media?parent=156"}],"curies":[{"name":"wp","href":"https:\/\/api.w.org\/{rel}","templated":true}]}}